{"id":2,"date":"2016-08-26T07:56:38","date_gmt":"2016-08-26T07:56:38","guid":{"rendered":"http:\/\/htdcorp.vn\/?page_id=2"},"modified":"2026-04-07T10:45:25","modified_gmt":"2026-04-07T03:45:25","slug":"gioi-thieu","status":"publish","type":"page","link":"https:\/\/htdcorp.vn\/vi\/gioi-thieu\/","title":{"rendered":"Gi\u1edbi thi\u1ec7u"},"content":{"rendered":"<p>[vc_row][vc_column][vc_column_text]<span style=\"font-size: 16px;\">C\u00f4ng ty C\u1ed5 ph\u1ea7n Ho\u00e0ng Th\u1ecbnh \u0110\u1ea1t (Hoang Thinh Dat Corp) \u0111\u01b0\u1ee3c th\u00e0nh l\u1eadp ng\u00e0y 05 th\u00e1ng 03 n\u0103m 2004 theo Gi\u1ea5y ch\u1ee9ng nh\u1eadn \u0111\u0103ng k\u00fd kinh doanh s\u1ed1 0101513696 c\u1ea5p b\u1edfi S\u1edf K\u1ebf ho\u1ea1ch v\u00e0 \u0110\u1ea7u t\u01b0 th\u00e0nh ph\u1ed1 H\u00e0 N\u1ed9i. Tr\u1ee5 s\u1edf ch\u00ednh c\u1ee7a C\u00f4ng ty \u0111\u01b0\u1ee3c \u0111\u1eb7t t\u1ea1i SH17-K7TT1, Khu trung t\u00e2m Khu \u0111\u00f4 th\u1ecb T\u00e2y H\u1ed3 T\u00e2y, ph\u01b0\u1eddng T\u00e2y H\u1ed3, TP H\u00e0 N\u1ed9i.<\/span><\/p>\n<p><span style=\"font-size: 16px;\">T\u00ednh \u0111\u1ebfn th\u1eddi \u0111i\u1ec3m hi\u1ec7n t\u1ea1i, v\u1ed1n \u0111i\u1ec1u l\u1ec7 c\u1ee7a C\u00f4ng ty \u0111\u1ea1t 638 t\u1ef7 \u0111\u1ed3ng, t\u1ed5ng t\u00e0i s\u1ea3n \u0111\u1ea1t tr\u00ean 900 t\u1ef7 \u0111\u1ed3ng. C\u00f4ng ty C\u1ed5 ph\u1ea7n Ho\u00e0ng Th\u1ecbnh \u0110\u1ea1t t\u1eadp trung ho\u1ea1t \u0111\u1ed9ng trong c\u00e1c l\u0129nh v\u1ef1c nh\u01b0 \u0111\u1ea7u t\u01b0 h\u1ea1 t\u1ea7ng khu c\u00f4ng nghi\u1ec7p, n\u00f4ng nghi\u1ec7p k\u1ef9 thu\u1eadt cao, c\u00e1c d\u1ef1 \u00e1n nh\u00e0 m\u00e1y n\u01b0\u1edbc v\u00e0 c\u00e1c ho\u1ea1t \u0111\u1ed9ng t\u01b0 v\u1ea5n kh\u00e1c.<\/span>[\/vc_column_text][vc_row_inner][vc_column_inner width=&#8221;1\/2&#8243;][vc_column_text][\/vc_column_text][vc_column_text]<\/p>\n<p style=\"text-align: center;\"><span style=\"color: #f58220; font-size: 16px;\"><strong>HO\u1ea0T \u0110\u1ed8NG LI\u00caN DOANH &amp; LI\u00caN K\u1ebeT\u00a0<\/strong><\/span><\/p>\n<ul>\n<li><span style=\"font-size: 16px;\">C\u00f4ng ty TNHH C\u1ea5p n\u01b0\u1edbc Ho\u00e0ng Mai: 50%<\/span><\/li>\n<li><span style=\"font-size: 16px;\">C\u00f4ng ty C\u1ed5 ph\u1ea7n C\u1ea5p tho\u00e1t n\u01b0\u1edbc v\u00e0 X\u00e2y d\u1ef1ng Qu\u1ea3ng Ng\u00e3i: 67.5%<\/span><\/li>\n<\/ul>\n<p>[\/vc_column_text][\/vc_column_inner][vc_column_inner width=&#8221;1\/2&#8243;][\/vc_column_inner][\/vc_row_inner][\/vc_column][vc_column][vc_column_text][\/vc_column_text][\/vc_column][vc_column][\/vc_column][\/vc_row][vc_row][vc_column][vc_column_text][\/vc_column_text][\/vc_column][\/vc_row][vc_row][vc_column][vc_separator color=&#8221;black&#8221; border_width=&#8221;2&#8243;][\/vc_column][\/vc_row][vc_row][vc_column][vc_column_text][\/vc_column_text][\/vc_column][vc_column width=&#8221;1\/2&#8243;][\/vc_column][vc_column width=&#8221;1\/2&#8243;][vc_column_text][\/vc_column_text][\/vc_column][\/vc_row]<\/p>\n","protected":false},"excerpt":{"rendered":"<p>[vc_row][vc_column][vc_column_text]C\u00f4ng ty C\u1ed5 ph\u1ea7n Ho\u00e0ng Th\u1ecbnh \u0110\u1ea1t (Hoang Thinh Dat Corp) \u0111\u01b0\u1ee3c th\u00e0nh l\u1eadp ng\u00e0y 05 th\u00e1ng 03 n\u0103m 2004 theo Gi\u1ea5y ch\u1ee9ng nh\u1eadn \u0111\u0103ng k\u00fd kinh doanh s\u1ed1 0101513696 c\u1ea5p b\u1edfi S\u1edf K\u1ebf ho\u1ea1ch v\u00e0 \u0110\u1ea7u t\u01b0 th\u00e0nh ph\u1ed1 H\u00e0 N\u1ed9i. Tr\u1ee5 s\u1edf ch\u00ednh c\u1ee7a &hellip; <a href=\"https:\/\/htdcorp.vn\/vi\/gioi-thieu\/\" class=\"more-link\">Xem th\u00eam <span class=\"meta-nav\">&rarr;<\/span><\/a><\/p>\n","protected":false},"author":1,"featured_media":0,"parent":0,"menu_order":0,"comment_status":"closed","ping_status":"open","template":"","meta":{"footnotes":""},"class_list":["post-2","page","type-page","status-publish","hentry"],"yoast_head":"<!-- This site is optimized with the Yoast SEO plugin v27.3 - https:\/\/yoast.com\/product\/yoast-seo-wordpress\/ -->\n<title>Gi\u1edbi thi\u1ec7u - Ho\u00e0ng Th\u1ecbnh \u0110\u1ea1t<\/title>\n<meta name=\"robots\" content=\"index, follow, max-snippet:-1, max-image-preview:large, max-video-preview:-1\" \/>\n<link rel=\"canonical\" href=\"https:\/\/htdcorp.vn\/gioi-thieu\/\" \/>\n<meta property=\"og:locale\" content=\"vi_VN\" \/>\n<meta property=\"og:type\" content=\"article\" \/>\n<meta property=\"og:title\" content=\"Gi\u1edbi thi\u1ec7u - Ho\u00e0ng Th\u1ecbnh \u0110\u1ea1t\" \/>\n<meta property=\"og:description\" content=\"[vc_row][vc_column][vc_column_text]C\u00f4ng ty C\u1ed5 ph\u1ea7n Ho\u00e0ng Th\u1ecbnh \u0110\u1ea1t (Hoang Thinh Dat Corp) \u0111\u01b0\u1ee3c th\u00e0nh l\u1eadp ng\u00e0y 05 th\u00e1ng 03 n\u0103m 2004 theo Gi\u1ea5y ch\u1ee9ng nh\u1eadn \u0111\u0103ng k\u00fd kinh doanh s\u1ed1 0101513696 c\u1ea5p b\u1edfi S\u1edf K\u1ebf ho\u1ea1ch v\u00e0 \u0110\u1ea7u t\u01b0 th\u00e0nh ph\u1ed1 H\u00e0 N\u1ed9i. Tr\u1ee5 s\u1edf ch\u00ednh c\u1ee7a &hellip; Xem th\u00eam &rarr;\" \/>\n<meta property=\"og:url\" content=\"https:\/\/htdcorp.vn\/gioi-thieu\/\" \/>\n<meta property=\"og:site_name\" content=\"Ho\u00e0ng Th\u1ecbnh \u0110\u1ea1t\" \/>\n<meta property=\"article:modified_time\" content=\"2026-04-07T03:45:25+00:00\" \/>\n<meta name=\"twitter:card\" content=\"summary_large_image\" \/>\n<meta name=\"twitter:label1\" content=\"\u01af\u1edbc t\u00ednh th\u1eddi gian \u0111\u1ecdc\" \/>\n\t<meta name=\"twitter:data1\" content=\"1 ph\u00fat\" \/>\n<script type=\"application\/ld+json\" class=\"yoast-schema-graph\">{\"@context\":\"https:\\\/\\\/schema.org\",\"@graph\":[{\"@type\":\"WebPage\",\"@id\":\"https:\\\/\\\/htdcorp.vn\\\/gioi-thieu\\\/\",\"url\":\"https:\\\/\\\/htdcorp.vn\\\/gioi-thieu\\\/\",\"name\":\"Gi\u1edbi thi\u1ec7u - Ho\u00e0ng Th\u1ecbnh \u0110\u1ea1t\",\"isPartOf\":{\"@id\":\"http:\\\/\\\/htdcorp.vn\\\/#website\"},\"datePublished\":\"2016-08-26T07:56:38+00:00\",\"dateModified\":\"2026-04-07T03:45:25+00:00\",\"breadcrumb\":{\"@id\":\"https:\\\/\\\/htdcorp.vn\\\/gioi-thieu\\\/#breadcrumb\"},\"inLanguage\":\"vi\",\"potentialAction\":[{\"@type\":\"ReadAction\",\"target\":[\"https:\\\/\\\/htdcorp.vn\\\/gioi-thieu\\\/\"]}]},{\"@type\":\"BreadcrumbList\",\"@id\":\"https:\\\/\\\/htdcorp.vn\\\/gioi-thieu\\\/#breadcrumb\",\"itemListElement\":[{\"@type\":\"ListItem\",\"position\":1,\"name\":\"Home\",\"item\":\"http:\\\/\\\/htdcorp.vn\\\/\"},{\"@type\":\"ListItem\",\"position\":2,\"name\":\"Gi\u1edbi thi\u1ec7u\"}]},{\"@type\":\"WebSite\",\"@id\":\"http:\\\/\\\/htdcorp.vn\\\/#website\",\"url\":\"http:\\\/\\\/htdcorp.vn\\\/\",\"name\":\"Ho\u00e0ng Th\u1ecbnh \u0110\u1ea1t\",\"description\":\"H\u1ec7 Sinh Th\u00e1i C\u00f4ng Nghi\u1ec7p Th\u1ebf H\u1ec7 M\u1edbi\",\"potentialAction\":[{\"@type\":\"SearchAction\",\"target\":{\"@type\":\"EntryPoint\",\"urlTemplate\":\"http:\\\/\\\/htdcorp.vn\\\/?s={search_term_string}\"},\"query-input\":{\"@type\":\"PropertyValueSpecification\",\"valueRequired\":true,\"valueName\":\"search_term_string\"}}],\"inLanguage\":\"vi\"}]}<\/script>\n<!-- \/ Yoast SEO plugin. -->","yoast_head_json":{"title":"Gi\u1edbi thi\u1ec7u - Ho\u00e0ng Th\u1ecbnh \u0110\u1ea1t","robots":{"index":"index","follow":"follow","max-snippet":"max-snippet:-1","max-image-preview":"max-image-preview:large","max-video-preview":"max-video-preview:-1"},"canonical":"https:\/\/htdcorp.vn\/gioi-thieu\/","og_locale":"vi_VN","og_type":"article","og_title":"Gi\u1edbi thi\u1ec7u - Ho\u00e0ng Th\u1ecbnh \u0110\u1ea1t","og_description":"[vc_row][vc_column][vc_column_text]C\u00f4ng ty C\u1ed5 ph\u1ea7n Ho\u00e0ng Th\u1ecbnh \u0110\u1ea1t (Hoang Thinh Dat Corp) \u0111\u01b0\u1ee3c th\u00e0nh l\u1eadp ng\u00e0y 05 th\u00e1ng 03 n\u0103m 2004 theo Gi\u1ea5y ch\u1ee9ng nh\u1eadn \u0111\u0103ng k\u00fd kinh doanh s\u1ed1 0101513696 c\u1ea5p b\u1edfi S\u1edf K\u1ebf ho\u1ea1ch v\u00e0 \u0110\u1ea7u t\u01b0 th\u00e0nh ph\u1ed1 H\u00e0 N\u1ed9i. Tr\u1ee5 s\u1edf ch\u00ednh c\u1ee7a &hellip; Xem th\u00eam &rarr;","og_url":"https:\/\/htdcorp.vn\/gioi-thieu\/","og_site_name":"Ho\u00e0ng Th\u1ecbnh \u0110\u1ea1t","article_modified_time":"2026-04-07T03:45:25+00:00","twitter_card":"summary_large_image","twitter_misc":{"\u01af\u1edbc t\u00ednh th\u1eddi gian \u0111\u1ecdc":"1 ph\u00fat"},"schema":{"@context":"https:\/\/schema.org","@graph":[{"@type":"WebPage","@id":"https:\/\/htdcorp.vn\/gioi-thieu\/","url":"https:\/\/htdcorp.vn\/gioi-thieu\/","name":"Gi\u1edbi thi\u1ec7u - Ho\u00e0ng Th\u1ecbnh \u0110\u1ea1t","isPartOf":{"@id":"http:\/\/htdcorp.vn\/#website"},"datePublished":"2016-08-26T07:56:38+00:00","dateModified":"2026-04-07T03:45:25+00:00","breadcrumb":{"@id":"https:\/\/htdcorp.vn\/gioi-thieu\/#breadcrumb"},"inLanguage":"vi","potentialAction":[{"@type":"ReadAction","target":["https:\/\/htdcorp.vn\/gioi-thieu\/"]}]},{"@type":"BreadcrumbList","@id":"https:\/\/htdcorp.vn\/gioi-thieu\/#breadcrumb","itemListElement":[{"@type":"ListItem","position":1,"name":"Home","item":"http:\/\/htdcorp.vn\/"},{"@type":"ListItem","position":2,"name":"Gi\u1edbi thi\u1ec7u"}]},{"@type":"WebSite","@id":"http:\/\/htdcorp.vn\/#website","url":"http:\/\/htdcorp.vn\/","name":"Ho\u00e0ng Th\u1ecbnh \u0110\u1ea1t","description":"H\u1ec7 Sinh Th\u00e1i C\u00f4ng Nghi\u1ec7p Th\u1ebf H\u1ec7 M\u1edbi","potentialAction":[{"@type":"SearchAction","target":{"@type":"EntryPoint","urlTemplate":"http:\/\/htdcorp.vn\/?s={search_term_string}"},"query-input":{"@type":"PropertyValueSpecification","valueRequired":true,"valueName":"search_term_string"}}],"inLanguage":"vi"}]}},"_links":{"self":[{"href":"https:\/\/htdcorp.vn\/vi\/wp-json\/wp\/v2\/pages\/2","targetHints":{"allow":["GET"]}}],"collection":[{"href":"https:\/\/htdcorp.vn\/vi\/wp-json\/wp\/v2\/pages"}],"about":[{"href":"https:\/\/htdcorp.vn\/vi\/wp-json\/wp\/v2\/types\/page"}],"author":[{"embeddable":true,"href":"https:\/\/htdcorp.vn\/vi\/wp-json\/wp\/v2\/users\/1"}],"replies":[{"embeddable":true,"href":"https:\/\/htdcorp.vn\/vi\/wp-json\/wp\/v2\/comments?post=2"}],"version-history":[{"count":66,"href":"https:\/\/htdcorp.vn\/vi\/wp-json\/wp\/v2\/pages\/2\/revisions"}],"predecessor-version":[{"id":2217,"href":"https:\/\/htdcorp.vn\/vi\/wp-json\/wp\/v2\/pages\/2\/revisions\/2217"}],"wp:attachment":[{"href":"https:\/\/htdcorp.vn\/vi\/wp-json\/wp\/v2\/media?parent=2"}],"curies":[{"name":"wp","href":"https:\/\/api.w.org\/{rel}","templated":true}]}}