{"id":581,"date":"2018-06-18T13:38:35","date_gmt":"2018-06-18T06:38:35","guid":{"rendered":"http:\/\/htdcorp.vn\/?page_id=581"},"modified":"2022-06-22T15:31:44","modified_gmt":"2022-06-22T08:31:44","slug":"du-an-nha-may-dien-hoi-tai-khu-cong-nghiep-dung-quat","status":"publish","type":"page","link":"http:\/\/htdcorp.vn\/vi\/du-an-nha-may-dien-hoi-tai-khu-cong-nghiep-dung-quat\/","title":{"rendered":"D\u1ef1 \u00e1n nh\u00e0 m\u00e1y \u0111i\u1ec7n h\u01a1i t\u1ea1i Khu C\u00f4ng nghi\u1ec7p Dung Qu\u1ea5t"},"content":{"rendered":"<p>[vc_row][vc_column][vc_column_text]<img loading=\"lazy\" decoding=\"async\" class=\"aligncenter size-full wp-image-570\" src=\"http:\/\/htdcorp.vn\/wp-content\/uploads\/2018\/06\/SSP_hyundai-1.jpg\" alt=\"\" width=\"897\" height=\"522\" srcset=\"http:\/\/htdcorp.vn\/wp-content\/uploads\/2018\/06\/SSP_hyundai-1.jpg 897w, http:\/\/htdcorp.vn\/wp-content\/uploads\/2018\/06\/SSP_hyundai-1-300x175.jpg 300w, http:\/\/htdcorp.vn\/wp-content\/uploads\/2018\/06\/SSP_hyundai-1-768x447.jpg 768w\" sizes=\"auto, (max-width: 897px) 100vw, 897px\" \/><span style=\"font-size: 12px;\">\u203b \u1ea2nh to\u00e0n c\u1ea3nh t\u01b0\u1ee3ng tr\u01b0ng cho d\u1ef1 \u00e1n. D\u1ef1 \u00e1n th\u1ef1c t\u1ebf c\u00f3 th\u1ec3 s\u1ebd c\u00f3 s\u1ef1 kh\u00e1c bi\u1ec7t so v\u1edbi \u1ea3nh.<\/span>[\/vc_column_text][\/vc_column][vc_column][vc_column_text]<\/p>\n<h3><strong><u>L\u1ee3i th\u1ebf c\u1ee7a d\u1ef1 \u00e1n nh\u00e0 m\u00e1y \u0111i\u1ec7n h\u01a1i<\/u><\/strong><\/h3>\n<p>[\/vc_column_text][vc_row_inner][vc_column_inner width=&#8221;1\/2&#8243;][vc_column_text]<span style=\"color: #f58220; font-size: 16px;\"><strong>D\u1ef0 \u00c1N TH\u00c2N THI\u1ec6N V\u1edaI M\u00d4I TR\u01af\u1edcNG<\/strong><\/span><\/p>\n<ul>\n<li style=\"text-align: left;\"><span style=\"font-size: 16px;\">Tu\u00e2n th\u1ee7 c\u00e1c ti\u00eau chu\u1ea9n kh\u00ed th\u1ea3i Vi\u1ec7t Nam<\/span><\/li>\n<li style=\"text-align: left;\"><span style=\"font-size: 16px;\">Ki\u1ec3m so\u00e1t ch\u1eb7t ch\u1ebd kh\u00ed th\u1ea3i th\u00f4ng qua &#8216;Tr\u1ea1m x\u1eed l\u00fd kh\u00ed \u0111\u1ed1t&#8217;\u00a0<\/span><\/li>\n<\/ul>\n<p>[\/vc_column_text][\/vc_column_inner][vc_column_inner width=&#8221;1\/2&#8243;][vc_column_text]<span style=\"color: #f58220; font-size: 16px;\"><strong>CUNG C\u1ea4P H\u01a0I \u1ed4N \u0110\u1ecaNH<\/strong><\/span><\/p>\n<ul>\n<li style=\"text-align: left;\"><span style=\"font-size: 16px;\">Ch\u1ea5t l\u01b0\u1ee3ng h\u01a1i n\u01b0\u1edbc \u0111\u1ea1t chu\u1ea9n &#8211; \u1ed4n \u0111\u1ecbnh th\u1ec3 t\u00edch \/ \u00e1p su\u1ea5t \/ nhi\u1ec7t \u0111\u1ed9<\/span><\/li>\n<li>Cung c\u1ea5p ngay th\u1eddi \u0111i\u1ec3m m\u00e0 c\u00e1c c\u00f4ng ty c\u00e1 nh\u00e2n trong Khu c\u00f4ng nghi\u1ec7p y\u00eau c\u1ea7u<\/li>\n<\/ul>\n<p>[\/vc_column_text][\/vc_column_inner][\/vc_row_inner][vc_row_inner][vc_column_inner width=&#8221;1\/2&#8243;][vc_column_text]<span style=\"color: #f58220; font-size: 16px;\"><strong>TI\u1ebeT KI\u1ec6M CHI PH\u00cd \u0110\u1ea6U T\u01af V\u00c0 V\u1eacN H\u00c0NH H\u01a0I BAN \u0110\u1ea6U CHO C\u00c1C DOANH NGHI\u1ec6P<\/strong><\/span><\/p>\n<ul>\n<li><span style=\"font-size: 16px;\">Kh\u00f4ng m\u1ea5t chi ph\u00ed \u0111\u1ea7u t\u01b0 ban \u0111\u1ea7u cho c\u00e1c c\u00f4ng ty t\u01b0 nh\u00e2n s\u1ea3n xu\u1ea5t c\u1ea7n h\u01a1i <\/span><\/li>\n<li><span style=\"font-size: 16px;\">Mang l\u1ea1i l\u1ee3i th\u1ebf kinh t\u1ebf &#8211; Chi ph\u00ed x\u00e2y d\u1ef1ng v\u00e0 chi ph\u00ed O&amp;M th\u1ea5p<\/span><\/li>\n<li><span style=\"font-size: 16px;\">Gi\u00e1 c\u1ea3 c\u1ea1nh tranh<\/span><\/li>\n<\/ul>\n<p>[\/vc_column_text][\/vc_column_inner][vc_column_inner width=&#8221;1\/2&#8243;][vc_column_text]<span style=\"color: #f58220; font-size: 16px;\"><strong>NH\u00c0 PH\u00c1T TRI\u1ec2N D\u1ef0 \u00c1N UY T\u00cdN<\/strong><\/span><\/p>\n<ul>\n<li>Hyundai Engineering Co., Ltd.\n<ul>\n<li>Nh\u00e0 th\u1ea7u EPC \u0111\u1eb3ng c\u1ea5p th\u1ebf gi\u1edbi t\u1eeb H\u00e0n Qu\u1ed1c<\/li>\n<li>ENR (Engineering News-Record) 2016: C\u00f4ng ty thi\u1ebft k\u1ebf qu\u1ed1c t\u1ebf h\u00e0ng \u0111\u1ea7u, x\u1ebfp th\u1ee9 1 t\u1ea1i H\u00e0n Qu\u1ed1c v\u00e0 ch\u00e2u \u00c1<\/li>\n<\/ul>\n<\/li>\n<\/ul>\n<p>[\/vc_column_text][\/vc_column_inner][\/vc_row_inner][\/vc_column][\/vc_row][vc_row][vc_column][vc_column_text]<\/p>\n<h3><strong><u>T\u00f3m t\u1eaft d\u1ef1 \u00e1n<\/u><\/strong><\/h3>\n<ul>\n<li><span style=\"font-size: 16px;\">T\u00ean d\u1ef1 \u00e1n: D\u1ef1 \u00e1n nh\u00e0 m\u00e1y \u0111i\u1ec7n h\u01a1i t\u1ea1i Khu \u0111\u00f4 th\u1ecb c\u00f4ng nghi\u1ec7p Dung Qu\u1ea5t<\/span><\/li>\n<li><span style=\"font-size: 16px;\">V\u1ecb tr\u00ed : Khu kinh t\u1ebf Dung Qu\u1ea5t, huy\u1ec7n B\u00ecnh S\u01a1n, t\u1ec9nh Qu\u1ea3ng Ng\u00e3i, Vi\u1ec7t Nam<\/span><\/li>\n<li><span style=\"font-size: 16px;\">C\u00f4ng su\u1ea5t : 300 t\u1ea5n\/gi\u1edd l\u01b0\u1ee3ng h\u01a1i + 7MW\/h l\u01b0\u1ee3ng \u0111i\u1ec7n (theo d\u1ef1 t\u00ednh)<\/span><\/li>\n<li><span style=\"font-size: 16px;\">Th\u1eddi gian ho\u00e0n th\u00e0nh : 2019~2021 (theo d\u1ef1 t\u00ednh)<\/span><\/li>\n<\/ul>\n<p>&nbsp;<\/p>\n<h3><strong><u>Ti\u1ebfn \u0111\u1ed9 th\u1ef1c hi\u1ec7n D\u1ef1 \u00e1n<\/u><\/strong><\/h3>\n<ul>\n<li><span style=\"font-size: 16px;\">Cu\u1ed1i 2018 : Ph\u00ea duy\u1ec7t k\u1ebf ho\u1ea1c \u0111\u1ea7u t\u01b0<\/span><\/li>\n<li><span style=\"font-size: 16px;\">Qu\u00fd II 2019 : H\u1ee3p \u0111\u1ed3ng EPC + O &amp; M, ch\u1ed1t k\u1ebf ho\u1ea1ch t\u00e0i ch\u00ednh<\/span><\/li>\n<li><span style=\"font-size: 16px;\">Qu\u00fd III 2019~Qu\u00fd II 2021 : X\u00e2y d\u1ef1ng (t\u1ed5ng 24 th\u00e1ng)<\/span><\/li>\n<li><span style=\"font-size: 16px;\">V\u1eadn h\u00e0nh: 20 n\u0103m+\u03b1<\/span><\/li>\n<\/ul>\n<h3><\/h3>\n<p>&nbsp;<\/p>\n<h3><strong><u>M\u00f4 h\u00ecnh 3D (Thi\u1ebft k\u1ebf)<\/u><\/strong><\/h3>\n<p><img loading=\"lazy\" decoding=\"async\" class=\"aligncenter size-full wp-image-571\" src=\"http:\/\/htdcorp.vn\/wp-content\/uploads\/2018\/06\/2.-3D-Modeling-Image-file.png\" alt=\"\" width=\"916\" height=\"674\" srcset=\"http:\/\/htdcorp.vn\/wp-content\/uploads\/2018\/06\/2.-3D-Modeling-Image-file.png 916w, http:\/\/htdcorp.vn\/wp-content\/uploads\/2018\/06\/2.-3D-Modeling-Image-file-300x221.png 300w, http:\/\/htdcorp.vn\/wp-content\/uploads\/2018\/06\/2.-3D-Modeling-Image-file-768x565.png 768w\" sizes=\"auto, (max-width: 916px) 100vw, 916px\" \/><span style=\"font-size: 12px;\">\u203b M\u00f4 h\u00ecnh 3D \u1edf tr\u00ean ch\u1ec9 mang t\u00ednh t\u01b0\u1ee3ng tr\u01b0ng. D\u1ef1 \u00e1n th\u1ef1c t\u1ebf c\u00f3 th\u1ec3 s\u1ebd c\u00f3 s\u1ef1 kh\u00e1c bi\u1ec7t so v\u1edbi \u1ea3nh.\u00a0<\/span><\/p>\n<ul>\n<li><span style=\"font-size: 16px;\">Tr\u1ea1m d\u1ef1 tr\u1eef nhi\u00ean li\u1ec7u<\/span><\/li>\n<li><span style=\"font-size: 16px;\">Tr\u1ea1m \u0111\u1ed1t<\/span><\/li>\n<li><span style=\"font-size: 16px;\">H\u1ec7 th\u1ed1ng n\u1ed3i h\u01a1i<\/span><\/li>\n<li><span style=\"font-size: 16px;\">Tr\u1ea1m v\u1eadn h\u00e0nh \u0111i\u1ec7n<\/span><\/li>\n<li><span style=\"font-size: 16px;\">Tr\u1ea1m x\u1eed l\u00fd kh\u00ed gas sau qu\u00e1 tr\u00ecnh \u0111\u1ed1t<\/span><\/li>\n<\/ul>\n<h3><\/h3>\n<p>&nbsp;<\/p>\n<h3><strong><u>LI\u00caN H\u1ec6<\/u><\/strong><\/h3>\n<ul>\n<li><span style=\"font-size: 16px;\">YOUNG SHIK, KIM (General Manager)<\/span><br \/>\n<span style=\"font-size: 16px;\">Tel : +82-2-2134-1966 \/\u00a0 HP : +82-10-3730-2846\u00a0 \/\u00a0 E-mail : kimsnet@hec.co.kr<\/span><\/li>\n<\/ul>\n<p>&nbsp;<\/p>\n<ul>\n<li><span style=\"font-size: 16px;\">HYOUNG SEOB, KIM (Manager)<\/span><br \/>\n<span style=\"font-size: 16px;\">Tel : +82-2-2134-1963 \/\u00a0 HP : +82-10-7194-0221\u00a0 \/\u00a0 E-mail : pigu99@hec.co.kr<\/span><\/li>\n<\/ul>\n<p>&nbsp;<\/p>\n<p><span style=\"font-size: 14px;\">Copyright \u00a9 by Hyundai Engineering Co., Ltd.<\/span><\/p>\n<p><span style=\"font-size: 14px;\">All rights reserved. This material or any portion thereof may not be reproduced or used in any manner whatsoever without the express written permission of Hyundai Engineering Co., Ltd.<\/span>[\/vc_column_text][\/vc_column][\/vc_row][vc_row][vc_column][vc_column_text]<span style=\"color: #ff0000;\"><strong>\u0110\u1ec3 t\u00ecm hi\u1ec3u th\u00eam th\u00f4ng tin, click v\u00e0o link d\u01b0\u1edbi \u0111\u00e2y<\/strong><\/span><\/p>\n<p><span style=\"color: #0000ff;\"><strong><a style=\"color: #0000ff;\" href=\"http:\/\/htdcorp.vn\/wp-content\/uploads\/2018\/06\/Dung_Quat_IP_Centralized_Steam_Supply_Project_Leaflet-Final.pdf\"><img loading=\"lazy\" decoding=\"async\" class=\"wp-image-563 alignleft\" src=\"http:\/\/htdcorp.vn\/wp-content\/uploads\/2018\/06\/one-finger-tap-gesture-of-outlined-hand-symbol.png\" alt=\"\" width=\"36\" height=\"36\" srcset=\"http:\/\/htdcorp.vn\/wp-content\/uploads\/2018\/06\/one-finger-tap-gesture-of-outlined-hand-symbol.png 512w, http:\/\/htdcorp.vn\/wp-content\/uploads\/2018\/06\/one-finger-tap-gesture-of-outlined-hand-symbol-150x150.png 150w, http:\/\/htdcorp.vn\/wp-content\/uploads\/2018\/06\/one-finger-tap-gesture-of-outlined-hand-symbol-300x300.png 300w\" sizes=\"auto, (max-width: 36px) 100vw, 36px\" \/>Centralized_Steam_Supply_Project_Leaflet<\/a><\/strong><\/span>[\/vc_column_text][\/vc_column][\/vc_row]<\/p>\n","protected":false},"excerpt":{"rendered":"<p>[vc_row][vc_column][vc_column_text]\u203b \u1ea2nh to\u00e0n c\u1ea3nh t\u01b0\u1ee3ng tr\u01b0ng cho d\u1ef1 \u00e1n. D\u1ef1 \u00e1n th\u1ef1c t\u1ebf c\u00f3 th\u1ec3 s\u1ebd c\u00f3 s\u1ef1 kh\u00e1c bi\u1ec7t so v\u1edbi \u1ea3nh.[\/vc_column_text][\/vc_column][vc_column][vc_column_text] L\u1ee3i th\u1ebf c\u1ee7a d\u1ef1 \u00e1n nh\u00e0 m\u00e1y \u0111i\u1ec7n h\u01a1i [\/vc_column_text][vc_row_inner][vc_column_inner width=&#8221;1\/2&#8243;][vc_column_text]D\u1ef0 \u00c1N TH\u00c2N THI\u1ec6N V\u1edaI M\u00d4I TR\u01af\u1edcNG Tu\u00e2n th\u1ee7 c\u00e1c ti\u00eau chu\u1ea9n kh\u00ed &hellip; <a href=\"http:\/\/htdcorp.vn\/vi\/du-an-nha-may-dien-hoi-tai-khu-cong-nghiep-dung-quat\/\" class=\"more-link\">Xem th\u00eam <span class=\"meta-nav\">&rarr;<\/span><\/a><\/p>\n","protected":false},"author":1,"featured_media":571,"parent":0,"menu_order":0,"comment_status":"closed","ping_status":"closed","template":"","meta":{"footnotes":""},"class_list":["post-581","page","type-page","status-publish","has-post-thumbnail","hentry"],"yoast_head":"<!-- This site is optimized with the Yoast SEO plugin v27.4 - https:\/\/yoast.com\/product\/yoast-seo-wordpress\/ -->\n<title>D\u1ef1 \u00e1n nh\u00e0 m\u00e1y \u0111i\u1ec7n h\u01a1i t\u1ea1i Khu C\u00f4ng nghi\u1ec7p Dung Qu\u1ea5t - Ho\u00e0ng Th\u1ecbnh \u0110\u1ea1t<\/title>\n<meta name=\"robots\" content=\"index, follow, max-snippet:-1, max-image-preview:large, max-video-preview:-1\" \/>\n<link rel=\"canonical\" href=\"https:\/\/htdcorp.vn\/du-an-nha-may-dien-hoi-tai-khu-cong-nghiep-dung-quat\/\" \/>\n<meta property=\"og:locale\" content=\"vi_VN\" \/>\n<meta property=\"og:type\" content=\"article\" \/>\n<meta property=\"og:title\" content=\"D\u1ef1 \u00e1n nh\u00e0 m\u00e1y \u0111i\u1ec7n h\u01a1i t\u1ea1i Khu C\u00f4ng nghi\u1ec7p Dung Qu\u1ea5t - Ho\u00e0ng Th\u1ecbnh \u0110\u1ea1t\" \/>\n<meta property=\"og:description\" content=\"[vc_row][vc_column][vc_column_text]\u203b \u1ea2nh to\u00e0n c\u1ea3nh t\u01b0\u1ee3ng tr\u01b0ng cho d\u1ef1 \u00e1n. D\u1ef1 \u00e1n th\u1ef1c t\u1ebf c\u00f3 th\u1ec3 s\u1ebd c\u00f3 s\u1ef1 kh\u00e1c bi\u1ec7t so v\u1edbi \u1ea3nh.[\/vc_column_text][\/vc_column][vc_column][vc_column_text] L\u1ee3i th\u1ebf c\u1ee7a d\u1ef1 \u00e1n nh\u00e0 m\u00e1y \u0111i\u1ec7n h\u01a1i [\/vc_column_text][vc_row_inner][vc_column_inner width=&#8221;1\/2&#8243;][vc_column_text]D\u1ef0 \u00c1N TH\u00c2N THI\u1ec6N V\u1edaI M\u00d4I TR\u01af\u1edcNG Tu\u00e2n th\u1ee7 c\u00e1c ti\u00eau chu\u1ea9n kh\u00ed &hellip; Xem th\u00eam &rarr;\" \/>\n<meta property=\"og:url\" content=\"https:\/\/htdcorp.vn\/du-an-nha-may-dien-hoi-tai-khu-cong-nghiep-dung-quat\/\" \/>\n<meta property=\"og:site_name\" content=\"Ho\u00e0ng Th\u1ecbnh \u0110\u1ea1t\" \/>\n<meta property=\"article:modified_time\" content=\"2022-06-22T08:31:44+00:00\" \/>\n<meta property=\"og:image\" content=\"http:\/\/htdcorp.vn\/wp-content\/uploads\/2018\/06\/2.-3D-Modeling-Image-file.png\" \/>\n\t<meta property=\"og:image:width\" content=\"916\" \/>\n\t<meta property=\"og:image:height\" content=\"674\" \/>\n\t<meta property=\"og:image:type\" content=\"image\/png\" \/>\n<meta name=\"twitter:card\" content=\"summary_large_image\" \/>\n<meta name=\"twitter:label1\" content=\"\u01af\u1edbc t\u00ednh th\u1eddi gian \u0111\u1ecdc\" \/>\n\t<meta name=\"twitter:data1\" content=\"4 ph\u00fat\" \/>\n<script type=\"application\/ld+json\" class=\"yoast-schema-graph\">{\"@context\":\"https:\\\/\\\/schema.org\",\"@graph\":[{\"@type\":\"WebPage\",\"@id\":\"https:\\\/\\\/htdcorp.vn\\\/du-an-nha-may-dien-hoi-tai-khu-cong-nghiep-dung-quat\\\/\",\"url\":\"https:\\\/\\\/htdcorp.vn\\\/du-an-nha-may-dien-hoi-tai-khu-cong-nghiep-dung-quat\\\/\",\"name\":\"D\u1ef1 \u00e1n nh\u00e0 m\u00e1y \u0111i\u1ec7n h\u01a1i t\u1ea1i Khu C\u00f4ng nghi\u1ec7p Dung Qu\u1ea5t - Ho\u00e0ng Th\u1ecbnh \u0110\u1ea1t\",\"isPartOf\":{\"@id\":\"http:\\\/\\\/htdcorp.vn\\\/#website\"},\"primaryImageOfPage\":{\"@id\":\"https:\\\/\\\/htdcorp.vn\\\/du-an-nha-may-dien-hoi-tai-khu-cong-nghiep-dung-quat\\\/#primaryimage\"},\"image\":{\"@id\":\"https:\\\/\\\/htdcorp.vn\\\/du-an-nha-may-dien-hoi-tai-khu-cong-nghiep-dung-quat\\\/#primaryimage\"},\"thumbnailUrl\":\"http:\\\/\\\/htdcorp.vn\\\/wp-content\\\/uploads\\\/2018\\\/06\\\/2.-3D-Modeling-Image-file.png\",\"datePublished\":\"2018-06-18T06:38:35+00:00\",\"dateModified\":\"2022-06-22T08:31:44+00:00\",\"breadcrumb\":{\"@id\":\"https:\\\/\\\/htdcorp.vn\\\/du-an-nha-may-dien-hoi-tai-khu-cong-nghiep-dung-quat\\\/#breadcrumb\"},\"inLanguage\":\"vi\",\"potentialAction\":[{\"@type\":\"ReadAction\",\"target\":[\"https:\\\/\\\/htdcorp.vn\\\/du-an-nha-may-dien-hoi-tai-khu-cong-nghiep-dung-quat\\\/\"]}]},{\"@type\":\"ImageObject\",\"inLanguage\":\"vi\",\"@id\":\"https:\\\/\\\/htdcorp.vn\\\/du-an-nha-may-dien-hoi-tai-khu-cong-nghiep-dung-quat\\\/#primaryimage\",\"url\":\"http:\\\/\\\/htdcorp.vn\\\/wp-content\\\/uploads\\\/2018\\\/06\\\/2.-3D-Modeling-Image-file.png\",\"contentUrl\":\"http:\\\/\\\/htdcorp.vn\\\/wp-content\\\/uploads\\\/2018\\\/06\\\/2.-3D-Modeling-Image-file.png\",\"width\":916,\"height\":674},{\"@type\":\"BreadcrumbList\",\"@id\":\"https:\\\/\\\/htdcorp.vn\\\/du-an-nha-may-dien-hoi-tai-khu-cong-nghiep-dung-quat\\\/#breadcrumb\",\"itemListElement\":[{\"@type\":\"ListItem\",\"position\":1,\"name\":\"Home\",\"item\":\"http:\\\/\\\/htdcorp.vn\\\/\"},{\"@type\":\"ListItem\",\"position\":2,\"name\":\"D\u1ef1 \u00e1n nh\u00e0 m\u00e1y \u0111i\u1ec7n h\u01a1i t\u1ea1i Khu C\u00f4ng nghi\u1ec7p Dung Qu\u1ea5t\"}]},{\"@type\":\"WebSite\",\"@id\":\"http:\\\/\\\/htdcorp.vn\\\/#website\",\"url\":\"http:\\\/\\\/htdcorp.vn\\\/\",\"name\":\"Ho\u00e0ng Th\u1ecbnh \u0110\u1ea1t\",\"description\":\"H\u1ec7 Sinh Th\u00e1i C\u00f4ng Nghi\u1ec7p Th\u1ebf H\u1ec7 M\u1edbi\",\"potentialAction\":[{\"@type\":\"SearchAction\",\"target\":{\"@type\":\"EntryPoint\",\"urlTemplate\":\"http:\\\/\\\/htdcorp.vn\\\/?s={search_term_string}\"},\"query-input\":{\"@type\":\"PropertyValueSpecification\",\"valueRequired\":true,\"valueName\":\"search_term_string\"}}],\"inLanguage\":\"vi\"}]}<\/script>\n<!-- \/ Yoast SEO plugin. -->","yoast_head_json":{"title":"D\u1ef1 \u00e1n nh\u00e0 m\u00e1y \u0111i\u1ec7n h\u01a1i t\u1ea1i Khu C\u00f4ng nghi\u1ec7p Dung Qu\u1ea5t - Ho\u00e0ng Th\u1ecbnh \u0110\u1ea1t","robots":{"index":"index","follow":"follow","max-snippet":"max-snippet:-1","max-image-preview":"max-image-preview:large","max-video-preview":"max-video-preview:-1"},"canonical":"https:\/\/htdcorp.vn\/du-an-nha-may-dien-hoi-tai-khu-cong-nghiep-dung-quat\/","og_locale":"vi_VN","og_type":"article","og_title":"D\u1ef1 \u00e1n nh\u00e0 m\u00e1y \u0111i\u1ec7n h\u01a1i t\u1ea1i Khu C\u00f4ng nghi\u1ec7p Dung Qu\u1ea5t - Ho\u00e0ng Th\u1ecbnh \u0110\u1ea1t","og_description":"[vc_row][vc_column][vc_column_text]\u203b \u1ea2nh to\u00e0n c\u1ea3nh t\u01b0\u1ee3ng tr\u01b0ng cho d\u1ef1 \u00e1n. D\u1ef1 \u00e1n th\u1ef1c t\u1ebf c\u00f3 th\u1ec3 s\u1ebd c\u00f3 s\u1ef1 kh\u00e1c bi\u1ec7t so v\u1edbi \u1ea3nh.[\/vc_column_text][\/vc_column][vc_column][vc_column_text] L\u1ee3i th\u1ebf c\u1ee7a d\u1ef1 \u00e1n nh\u00e0 m\u00e1y \u0111i\u1ec7n h\u01a1i [\/vc_column_text][vc_row_inner][vc_column_inner width=&#8221;1\/2&#8243;][vc_column_text]D\u1ef0 \u00c1N TH\u00c2N THI\u1ec6N V\u1edaI M\u00d4I TR\u01af\u1edcNG Tu\u00e2n th\u1ee7 c\u00e1c ti\u00eau chu\u1ea9n kh\u00ed &hellip; Xem th\u00eam &rarr;","og_url":"https:\/\/htdcorp.vn\/du-an-nha-may-dien-hoi-tai-khu-cong-nghiep-dung-quat\/","og_site_name":"Ho\u00e0ng Th\u1ecbnh \u0110\u1ea1t","article_modified_time":"2022-06-22T08:31:44+00:00","og_image":[{"width":916,"height":674,"url":"http:\/\/htdcorp.vn\/wp-content\/uploads\/2018\/06\/2.-3D-Modeling-Image-file.png","type":"image\/png"}],"twitter_card":"summary_large_image","twitter_misc":{"\u01af\u1edbc t\u00ednh th\u1eddi gian \u0111\u1ecdc":"4 ph\u00fat"},"schema":{"@context":"https:\/\/schema.org","@graph":[{"@type":"WebPage","@id":"https:\/\/htdcorp.vn\/du-an-nha-may-dien-hoi-tai-khu-cong-nghiep-dung-quat\/","url":"https:\/\/htdcorp.vn\/du-an-nha-may-dien-hoi-tai-khu-cong-nghiep-dung-quat\/","name":"D\u1ef1 \u00e1n nh\u00e0 m\u00e1y \u0111i\u1ec7n h\u01a1i t\u1ea1i Khu C\u00f4ng nghi\u1ec7p Dung Qu\u1ea5t - Ho\u00e0ng Th\u1ecbnh \u0110\u1ea1t","isPartOf":{"@id":"http:\/\/htdcorp.vn\/#website"},"primaryImageOfPage":{"@id":"https:\/\/htdcorp.vn\/du-an-nha-may-dien-hoi-tai-khu-cong-nghiep-dung-quat\/#primaryimage"},"image":{"@id":"https:\/\/htdcorp.vn\/du-an-nha-may-dien-hoi-tai-khu-cong-nghiep-dung-quat\/#primaryimage"},"thumbnailUrl":"http:\/\/htdcorp.vn\/wp-content\/uploads\/2018\/06\/2.-3D-Modeling-Image-file.png","datePublished":"2018-06-18T06:38:35+00:00","dateModified":"2022-06-22T08:31:44+00:00","breadcrumb":{"@id":"https:\/\/htdcorp.vn\/du-an-nha-may-dien-hoi-tai-khu-cong-nghiep-dung-quat\/#breadcrumb"},"inLanguage":"vi","potentialAction":[{"@type":"ReadAction","target":["https:\/\/htdcorp.vn\/du-an-nha-may-dien-hoi-tai-khu-cong-nghiep-dung-quat\/"]}]},{"@type":"ImageObject","inLanguage":"vi","@id":"https:\/\/htdcorp.vn\/du-an-nha-may-dien-hoi-tai-khu-cong-nghiep-dung-quat\/#primaryimage","url":"http:\/\/htdcorp.vn\/wp-content\/uploads\/2018\/06\/2.-3D-Modeling-Image-file.png","contentUrl":"http:\/\/htdcorp.vn\/wp-content\/uploads\/2018\/06\/2.-3D-Modeling-Image-file.png","width":916,"height":674},{"@type":"BreadcrumbList","@id":"https:\/\/htdcorp.vn\/du-an-nha-may-dien-hoi-tai-khu-cong-nghiep-dung-quat\/#breadcrumb","itemListElement":[{"@type":"ListItem","position":1,"name":"Home","item":"http:\/\/htdcorp.vn\/"},{"@type":"ListItem","position":2,"name":"D\u1ef1 \u00e1n nh\u00e0 m\u00e1y \u0111i\u1ec7n h\u01a1i t\u1ea1i Khu C\u00f4ng nghi\u1ec7p Dung Qu\u1ea5t"}]},{"@type":"WebSite","@id":"http:\/\/htdcorp.vn\/#website","url":"http:\/\/htdcorp.vn\/","name":"Ho\u00e0ng Th\u1ecbnh \u0110\u1ea1t","description":"H\u1ec7 Sinh Th\u00e1i C\u00f4ng Nghi\u1ec7p Th\u1ebf H\u1ec7 M\u1edbi","potentialAction":[{"@type":"SearchAction","target":{"@type":"EntryPoint","urlTemplate":"http:\/\/htdcorp.vn\/?s={search_term_string}"},"query-input":{"@type":"PropertyValueSpecification","valueRequired":true,"valueName":"search_term_string"}}],"inLanguage":"vi"}]}},"_links":{"self":[{"href":"http:\/\/htdcorp.vn\/vi\/wp-json\/wp\/v2\/pages\/581","targetHints":{"allow":["GET"]}}],"collection":[{"href":"http:\/\/htdcorp.vn\/vi\/wp-json\/wp\/v2\/pages"}],"about":[{"href":"http:\/\/htdcorp.vn\/vi\/wp-json\/wp\/v2\/types\/page"}],"author":[{"embeddable":true,"href":"http:\/\/htdcorp.vn\/vi\/wp-json\/wp\/v2\/users\/1"}],"replies":[{"embeddable":true,"href":"http:\/\/htdcorp.vn\/vi\/wp-json\/wp\/v2\/comments?post=581"}],"version-history":[{"count":5,"href":"http:\/\/htdcorp.vn\/vi\/wp-json\/wp\/v2\/pages\/581\/revisions"}],"predecessor-version":[{"id":955,"href":"http:\/\/htdcorp.vn\/vi\/wp-json\/wp\/v2\/pages\/581\/revisions\/955"}],"wp:featuredmedia":[{"embeddable":true,"href":"http:\/\/htdcorp.vn\/vi\/wp-json\/wp\/v2\/media\/571"}],"wp:attachment":[{"href":"http:\/\/htdcorp.vn\/vi\/wp-json\/wp\/v2\/media?parent=581"}],"curies":[{"name":"wp","href":"https:\/\/api.w.org\/{rel}","templated":true}]}}